{"id":122,"date":"2023-03-02T22:03:01","date_gmt":"2023-03-02T22:03:01","guid":{"rendered":"https:\/\/goddess-shape.com\/?post_type=product&#038;p=122"},"modified":"2023-04-04T21:10:14","modified_gmt":"2023-04-04T21:10:14","slug":"mid-thigh-strapless-butt-lift-shapewear-bodysuit","status":"publish","type":"product","link":"https:\/\/goddess-shape.com\/es\/shop\/daily-use\/mid-thigh-strapless-butt-lift-shapewear-bodysuit\/","title":{"rendered":"Short Alto Levanta Cola"},"content":{"rendered":"<p>\u00a1Modela tu figura! Nuestro short alto levanta cola es ideal para potenciar tu belleza, gracias al el\u00e1stico en cintura y ajuste frontal con el que podr\u00e1s tener un realce de gl\u00fateos natural y un mayor control en el abdomen, haciendo que tu figura se vea mucho m\u00e1s estilizada y firme como la de un reloj de arena. El cual est\u00e1 fabricado con Powernet, un material el\u00e1stico y flexible, que ofrece ajuste y compresi\u00f3n, que al tener una textura suave, permite mayor libertad de movimiento.<\/p>\n<h3>Detalles:<\/h3>\n<p><b>El material exterior es Powernet<\/b>: compuesto por un 85% de poliamida y un 15% de elastano.<br \/>\n<b>El material interior es de Naylon:<\/b> compuesto por un 84% de poliamida y un 16% de elastano.<\/p>\n<h3><b>\u00bfQu\u00e9 lo hace especial?<\/b><\/h3>\n<ul>\n<li aria-level=\"1\">Tus visitas al ba\u00f1o ser\u00e1n m\u00e1s c\u00f3modas gracias a su cremallera en la entrepierna para mejorar tu experiencia.<\/li>\n<li aria-level=\"1\">Lucir ropa escotada o prendas un poco descubiertas ser\u00e1n sencillo gracias a su dise\u00f1o de espalda baja y sin tirantes, hacen esta prenda especial para pasar desapercibida debajo de la ropa, especialmente por su longitud, lo que permite usarlas con prendas cortas.<\/li>\n<li aria-level=\"1\">Proyecta tus curvas gracias al efecto de levantamiento de gl\u00fateos muy natural de realce que ofrece la prenda.<\/li>\n<li aria-level=\"1\">Cuenta con bandas de encaje de silicona en el extremo de las perneras de la prenda para evitar que se enrolle con el uso.<\/li>\n<li aria-level=\"1\">Cuenta con un cierre frontal de gancho y ojal con 2 niveles de ajuste para mayor precisi\u00f3n.<\/li>\n<li aria-level=\"1\">Nuestras fajas son 100% originales y hechas colombianas.<\/li>\n<\/ul>","protected":false},"excerpt":{"rendered":"<p>Modela tu figura! Nuestro short alto levanta cola es ideal para potenciar tu belleza, gracias al el\u00e1stico en cintura y ajuste frontal con el que podr\u00e1s tener un realce de gl\u00fateos natural y mayor control en el abdomen, haciendo que tu figura se vea mucho m\u00e1s estilizada y firme como la de un reloj de arena.<\/p>","protected":false},"featured_media":130,"comment_status":"open","ping_status":"closed","template":"","meta":{"inline_featured_image":false},"product_cat":[17],"product_tag":[],"_links":{"self":[{"href":"https:\/\/goddess-shape.com\/es\/wp-json\/wp\/v2\/product\/122"}],"collection":[{"href":"https:\/\/goddess-shape.com\/es\/wp-json\/wp\/v2\/product"}],"about":[{"href":"https:\/\/goddess-shape.com\/es\/wp-json\/wp\/v2\/types\/product"}],"replies":[{"embeddable":true,"href":"https:\/\/goddess-shape.com\/es\/wp-json\/wp\/v2\/comments?post=122"}],"wp:featuredmedia":[{"embeddable":true,"href":"https:\/\/goddess-shape.com\/es\/wp-json\/wp\/v2\/media\/130"}],"wp:attachment":[{"href":"https:\/\/goddess-shape.com\/es\/wp-json\/wp\/v2\/media?parent=122"}],"wp:term":[{"taxonomy":"product_cat","embeddable":true,"href":"https:\/\/goddess-shape.com\/es\/wp-json\/wp\/v2\/product_cat?post=122"},{"taxonomy":"product_tag","embeddable":true,"href":"https:\/\/goddess-shape.com\/es\/wp-json\/wp\/v2\/product_tag?post=122"}],"curies":[{"name":"wp","href":"https:\/\/api.w.org\/{rel}","templated":true}]}}