{"id":274,"date":"2023-03-02T22:56:55","date_gmt":"2023-03-02T22:56:55","guid":{"rendered":"https:\/\/goddess-shape.com\/?post_type=product&#038;p=274"},"modified":"2023-04-04T22:46:02","modified_gmt":"2023-04-04T22:46:02","slug":"post-surgical-bra-mid-thigh-shapewear","status":"publish","type":"product","link":"https:\/\/goddess-shape.com\/es\/shop\/post-surgical\/post-surgical-bra-mid-thigh-shapewear\/","title":{"rendered":"Faja Post Operatoria de tipo Short con Brasier"},"content":{"rendered":"<p>\u00a1Cu\u00eddate en tu proceso postoperatorio!  Nuestras fajas son id\u00f3neas para los cuidados de esta etapa de recuperaci\u00f3n, gracias a su dise\u00f1o tipo short con brasier, que permite controlar las principales zonas de tu cuerpo como: espalda, abdomen, cintura y gl\u00fateos. Gracias a que est\u00e1 elaborada en Powernet, una tela que no cede y ejerce la presi\u00f3n exacta que el cuerpo necesita para mantener los nuevos cambios. Las fajas postquir\u00fargicas son altamente recomendadas, ya que ayudan a drenar los l\u00edquidos que quedan luego de una cirug\u00eda, ayudan con los dolores, a desinflamar, y aceleran el proceso de cicatrizaci\u00f3n.<\/p>\n<h3>Detalles:<\/h3>\n<p><b>El material exterior es Powernet:<\/b> compuesto por un 85% de poliamida y un 15% de elastano.<br \/>\n<b>El forro est\u00e1 hecho de nylon:<\/b> compuesto por un 84% de poliamida y un 16% de elastano.<\/p>\n<h3>\u00bfQu\u00e9 lo hace especial?<\/h3>\n<ul>\n<li aria-level=\"1\">Su nivel de compresi\u00f3n es fuerte; este es el nivel ideal para quienes tienen experiencia en el uso de fajas y desean mayor moldeamiento, ya sea diario o despu\u00e9s de un procedimiento quir\u00fargico, est\u00e9tico o de parto.<\/li>\n<li aria-level=\"1\">Doble refuerzo abdominal para mayor control.<\/li>\n<li aria-level=\"1\">Abertura en la zona \u00edntima.<\/li>\n<li aria-level=\"1\">Manga sisa con 4 niveles de ajuste.<\/li>\n<li aria-level=\"1\">Sus costuras y refuerzos te har\u00e1n lucir unos gl\u00fateos m\u00e1s firmes y naturales.<\/li>\n<li aria-level=\"1\">Sus 4 niveles de ajuste frontal te permitir\u00e1n ir ci\u00f1endo tu cintura en cuanto vayas disminuyendo medidas.<\/li>\n<li aria-level=\"1\">\u00dasala todos los d\u00edas, despu\u00e9s del parto o como postquir\u00fargica.<\/li>\n<li aria-level=\"1\">Hecha en Powernet recubierto en Nylon de tacto fr\u00edo.<\/li>\n<\/ul>","protected":false},"excerpt":{"rendered":"<p>\u00a1Cu\u00eddate en tu proceso postoperatorio! Nuestras fajas son id\u00f3neas para los cuidados de esta etapa de recuperaci\u00f3n, gracias a su dise\u00f1o tipo short con brasier, que permite controlar las principales zonas de tu cuerpo como: espalda, abdomen, cintura y gl\u00fateos.<\/p>","protected":false},"featured_media":212,"comment_status":"open","ping_status":"closed","template":"","meta":{"inline_featured_image":false},"product_cat":[18],"product_tag":[],"_links":{"self":[{"href":"https:\/\/goddess-shape.com\/es\/wp-json\/wp\/v2\/product\/274"}],"collection":[{"href":"https:\/\/goddess-shape.com\/es\/wp-json\/wp\/v2\/product"}],"about":[{"href":"https:\/\/goddess-shape.com\/es\/wp-json\/wp\/v2\/types\/product"}],"replies":[{"embeddable":true,"href":"https:\/\/goddess-shape.com\/es\/wp-json\/wp\/v2\/comments?post=274"}],"wp:featuredmedia":[{"embeddable":true,"href":"https:\/\/goddess-shape.com\/es\/wp-json\/wp\/v2\/media\/212"}],"wp:attachment":[{"href":"https:\/\/goddess-shape.com\/es\/wp-json\/wp\/v2\/media?parent=274"}],"wp:term":[{"taxonomy":"product_cat","embeddable":true,"href":"https:\/\/goddess-shape.com\/es\/wp-json\/wp\/v2\/product_cat?post=274"},{"taxonomy":"product_tag","embeddable":true,"href":"https:\/\/goddess-shape.com\/es\/wp-json\/wp\/v2\/product_tag?post=274"}],"curies":[{"name":"wp","href":"https:\/\/api.w.org\/{rel}","templated":true}]}}