{"id":277,"date":"2023-03-03T02:48:28","date_gmt":"2023-03-03T02:48:28","guid":{"rendered":"https:\/\/goddess-shape.com\/?post_type=product&#038;p=277"},"modified":"2025-06-01T22:18:44","modified_gmt":"2025-06-01T22:18:44","slug":"post-surgical-half-leg-girdle-with-bra","status":"publish","type":"product","link":"https:\/\/goddess-shape.com\/es\/shop\/post-surgical\/post-surgical-half-leg-girdle-with-bra\/","title":{"rendered":"Faja Postquir\u00fargica Media pierna con Brasier"},"content":{"rendered":"<p>\u00a1Recup\u00e9rate con las mejores fajas colombianas! Nuestra faja Postquir\u00fargica media pierna con brasier es ideal para que la uses como postoperatorio. Su dise\u00f1o hasta las rodillas y mangas sisa permite lograr una compresi\u00f3n fuerte en todo tu cuerpo, incluyendo busto, espalda, abdomen, piernas, cintura y gl\u00fateos. Al estar elaborada en Powernet, su tela no cede y ejerce la presi\u00f3n exacta que el cuerpo necesita para mantener los nuevos cambios presentes en el. Las fajas postquir\u00fargicas son altamente recomendadas, ya que ayudan a drenar los l\u00edquidos que quedan luego de una cirug\u00eda, ayuda con los dolores y a desinflamar, y acelera el proceso de cicatrizaci\u00f3n.<\/p>\n<h3><b>Detalles:\u00a0<\/b><\/h3>\n<p><b>El material exterior es Powernet:<\/b> compuesto por un 85% de poliamida y un 15% de elastano.<br \/>\n<b>El forro est\u00e1 hecho de nylon:<\/b> compuesto por un 84% de poliamida y un 16% de elastano.<\/p>\n<h3><b>\u00bfQu\u00e9 lo hace especial?<\/b><\/h3>\n<ul>\n<li aria-level=\"1\">Control fuerte<\/li>\n<li aria-level=\"1\">Abertura en la zona \u00edntima.<\/li>\n<li aria-level=\"1\">Realza tus gl\u00fateos gracias a las costuras y refuerzos que vienen en esta zona.<\/li>\n<li aria-level=\"1\">Sus 4 niveles de ajuste frontal te permitir\u00e1n ir ci\u00f1endo tu cintura a medida que vas disminuyendo medidas.<\/li>\n<li aria-level=\"1\">Dos niveles de ajuste en el hombro.<\/li>\n<li aria-level=\"1\">Alto cubrimiento en espalda y busto.<\/li>\n<li aria-level=\"1\">\u00dasala todos los d\u00edas, despu\u00e9s del parto o como faja postquirurgica.<\/li>\n<li aria-level=\"1\">Fabricado en Nylon recubierto de Powernet que proporciona una sensaci\u00f3n de frescor y un fuerte control.<\/li>\n<\/ul>","protected":false},"excerpt":{"rendered":"<p>\u00a1Recup\u00e9rate con las mejores fajas colombianas! Nuestra faja Postquir\u00fargica media pierna con brasier es ideal para que la uses como postoperatorio. Su dise\u00f1o hasta las rodillas y mangas sisa permite lograr una compresi\u00f3n fuerte en todo tu cuerpo, incluyendo busto, espalda, abdomen, piernas, cintura y gl\u00fateos.<\/p>","protected":false},"featured_media":177,"comment_status":"open","ping_status":"closed","template":"","meta":{"inline_featured_image":false},"product_cat":[18],"product_tag":[],"_links":{"self":[{"href":"https:\/\/goddess-shape.com\/es\/wp-json\/wp\/v2\/product\/277"}],"collection":[{"href":"https:\/\/goddess-shape.com\/es\/wp-json\/wp\/v2\/product"}],"about":[{"href":"https:\/\/goddess-shape.com\/es\/wp-json\/wp\/v2\/types\/product"}],"replies":[{"embeddable":true,"href":"https:\/\/goddess-shape.com\/es\/wp-json\/wp\/v2\/comments?post=277"}],"wp:featuredmedia":[{"embeddable":true,"href":"https:\/\/goddess-shape.com\/es\/wp-json\/wp\/v2\/media\/177"}],"wp:attachment":[{"href":"https:\/\/goddess-shape.com\/es\/wp-json\/wp\/v2\/media?parent=277"}],"wp:term":[{"taxonomy":"product_cat","embeddable":true,"href":"https:\/\/goddess-shape.com\/es\/wp-json\/wp\/v2\/product_cat?post=277"},{"taxonomy":"product_tag","embeddable":true,"href":"https:\/\/goddess-shape.com\/es\/wp-json\/wp\/v2\/product_tag?post=277"}],"curies":[{"name":"wp","href":"https:\/\/api.w.org\/{rel}","templated":true}]}}