{"id":279038,"date":"2026-04-21T16:12:47","date_gmt":"2026-04-21T16:12:47","guid":{"rendered":"https:\/\/goddess-shape.com\/?post_type=product&#038;p=279038"},"modified":"2026-04-21T16:14:00","modified_gmt":"2026-04-21T16:14:00","slug":"faja-short-de-alta-compression","status":"publish","type":"product","link":"https:\/\/goddess-shape.com\/es\/shop\/uncategorized\/faja-short-de-alta-compression\/","title":{"rendered":"Faja Short de Alta Compression"},"content":{"rendered":"","protected":false},"excerpt":{"rendered":"<p>Faja short de cintura alta comprensi\u00f3n que moldea abdomen, cintura y muslos. Dise\u00f1o c\u00f3modo y discreto con realce natural de gl\u00fateos, ideal para uso diario.<\/p>","protected":false},"featured_media":279040,"comment_status":"open","ping_status":"closed","template":"","meta":{"inline_featured_image":false},"product_cat":[15],"product_tag":[],"_links":{"self":[{"href":"https:\/\/goddess-shape.com\/es\/wp-json\/wp\/v2\/product\/279038"}],"collection":[{"href":"https:\/\/goddess-shape.com\/es\/wp-json\/wp\/v2\/product"}],"about":[{"href":"https:\/\/goddess-shape.com\/es\/wp-json\/wp\/v2\/types\/product"}],"replies":[{"embeddable":true,"href":"https:\/\/goddess-shape.com\/es\/wp-json\/wp\/v2\/comments?post=279038"}],"wp:featuredmedia":[{"embeddable":true,"href":"https:\/\/goddess-shape.com\/es\/wp-json\/wp\/v2\/media\/279040"}],"wp:attachment":[{"href":"https:\/\/goddess-shape.com\/es\/wp-json\/wp\/v2\/media?parent=279038"}],"wp:term":[{"taxonomy":"product_cat","embeddable":true,"href":"https:\/\/goddess-shape.com\/es\/wp-json\/wp\/v2\/product_cat?post=279038"},{"taxonomy":"product_tag","embeddable":true,"href":"https:\/\/goddess-shape.com\/es\/wp-json\/wp\/v2\/product_tag?post=279038"}],"curies":[{"name":"wp","href":"https:\/\/api.w.org\/{rel}","templated":true}]}}