{"id":282,"date":"2023-03-03T03:00:46","date_gmt":"2023-03-03T03:00:46","guid":{"rendered":"https:\/\/goddess-shape.com\/?post_type=product&#038;p=282"},"modified":"2024-07-01T06:52:01","modified_gmt":"2024-07-01T06:52:01","slug":"postpartum-girdle-open-bust-bodysuit","status":"publish","type":"product","link":"https:\/\/goddess-shape.com\/es\/shop\/post-surgical\/postpartum-girdle-open-bust-bodysuit\/","title":{"rendered":"Faja Post Parto Corta Con Realce"},"content":{"rendered":"<p>\u00a1Recup\u00e9rate con total comodidad! Esta faja corta es ideal para despu\u00e9s del parto, ya sea natural o por ces\u00e1rea. Su ajuste en cierre con broches internos evitar\u00e1 que lastimes tus heridas y lo mejor es que no se te nota bajo la ropa. Al estar elaborada en Powernet, su tela no cede y ejerce la presi\u00f3n exacta para moldear esas zonas del cuerpo que necesitan firmeza luego del parto: abdomen, cintura, y cadera.<\/p>\n<h3>Detalles:\u00a0<\/h3>\n<p><b>El material exterior es Powernet:<\/b> compuesto por un 85% de poliamida y un 15% de elastano.<br \/>\n<b>El forro est\u00e1 hecho de nylon:<\/b> compuesto por un 84% de poliamida y un 16% de elastano.<\/p>\n<h3><b>\u00bfQu\u00e9 lo hace especial?<\/b><\/h3>\n<ul>\n<li aria-level=\"1\">Control fuerte<\/li>\n<li aria-level=\"1\">Abertura en la zona \u00edntima.<\/li>\n<li aria-level=\"1\">Realza tus gl\u00fateos gracias a las costuras y refuerzos que vienen en esta zona.<\/li>\n<li aria-level=\"1\">Sus 4 niveles de ajuste frontal te permitir\u00e1n ir ci\u00f1endo tu cintura a medida que vas disminuyendo medidas.<\/li>\n<li aria-level=\"1\">Dos niveles de ajuste en el hombro.<\/li>\n<li aria-level=\"1\">Alto cubrimiento en espalda y busto.<\/li>\n<li aria-level=\"1\">\u00dasala todos los d\u00edas, despu\u00e9s del parto o como faja postquirurgica.<\/li>\n<li aria-level=\"1\">Fabricado en Nylon recubierto de Powernet que proporciona una sensaci\u00f3n de frescor y un fuerte control.<\/li>\n<\/ul>","protected":false},"excerpt":{"rendered":"<p>\u00a1Recup\u00e9rate con total comodidad! Esta faja corta es ideal para despu\u00e9s del parto, ya sea natural o por ces\u00e1rea. Su ajuste en cierre con broches internos evitar\u00e1 que lastimes tus heridas y lo mejor es que no se te nota bajo la ropa.<\/p>","protected":false},"featured_media":222,"comment_status":"open","ping_status":"closed","template":"","meta":{"inline_featured_image":false},"product_cat":[18],"product_tag":[],"_links":{"self":[{"href":"https:\/\/goddess-shape.com\/es\/wp-json\/wp\/v2\/product\/282"}],"collection":[{"href":"https:\/\/goddess-shape.com\/es\/wp-json\/wp\/v2\/product"}],"about":[{"href":"https:\/\/goddess-shape.com\/es\/wp-json\/wp\/v2\/types\/product"}],"replies":[{"embeddable":true,"href":"https:\/\/goddess-shape.com\/es\/wp-json\/wp\/v2\/comments?post=282"}],"wp:featuredmedia":[{"embeddable":true,"href":"https:\/\/goddess-shape.com\/es\/wp-json\/wp\/v2\/media\/222"}],"wp:attachment":[{"href":"https:\/\/goddess-shape.com\/es\/wp-json\/wp\/v2\/media?parent=282"}],"wp:term":[{"taxonomy":"product_cat","embeddable":true,"href":"https:\/\/goddess-shape.com\/es\/wp-json\/wp\/v2\/product_cat?post=282"},{"taxonomy":"product_tag","embeddable":true,"href":"https:\/\/goddess-shape.com\/es\/wp-json\/wp\/v2\/product_tag?post=282"}],"curies":[{"name":"wp","href":"https:\/\/api.w.org\/{rel}","templated":true}]}}