{"id":286,"date":"2023-03-03T03:04:53","date_gmt":"2023-03-03T03:04:53","guid":{"rendered":"https:\/\/goddess-shape.com\/?post_type=product&#038;p=286"},"modified":"2024-05-18T05:18:16","modified_gmt":"2024-05-18T05:18:16","slug":"high-waist-compression-shorts","status":"publish","type":"product","link":"https:\/\/goddess-shape.com\/es\/shop\/post-surgical\/high-waist-compression-shorts\/","title":{"rendered":"Short corto con talle extra alto"},"content":{"rendered":"<p>\u00a1Luce tu figura radiante de la forma m\u00e1s natural! Usando nuestro short media pierna de comprensi\u00f3n media con talle extra alto, cierre en la parte inferior que facilita el uso del ba\u00f1o, contorno siliconado que permite que la prenda se adhiera a la piel con facilidad. Esta prenda, cuenta con 4 varillas peque\u00f1as que mantienen el encaje en su lugar evitando que se enrolle, tambi\u00e9n incluye realce natural en gl\u00fateos con un dise\u00f1o discreto.<\/p>\n<p>Esta prenda contienen Vitamina E en el material, lo que favorece la cicatrizaci\u00f3n, suavidad y elasticidad de la piel.<\/p>\n<p>Esta prenda es recomendada para eventos especiales, el uso diario o si nunca has usado una prenda de control, ya que es perfecto para utilizar con vestidos o pantalones.<\/p>\n<h3>Details<\/h3>\n<p><b>El material exterior es Powernet:<\/b> compuesto por un 85% de Nylon y un 15% de Elastano.<br \/>\n<b>El forro est\u00e1 hecho de nylon:<\/b> est\u00e1 compuesto por un 88% de Poliamida y un 12% de Elastano.<\/p>\n<h3>\u00bfQu\u00e9 lo hace especial?<\/h3>\n<ul>\n<li aria-level=\"1\">Compression: Media.<\/li>\n<li aria-level=\"1\">Hecho de Powernet.<\/li>\n<li aria-level=\"1\">Sin tirantes para llevar con cualquier vestido.<\/li>\n<li aria-level=\"1\">Se puede usar con sujetador.<\/li>\n<li aria-level=\"1\">Short de cintura alta.<\/li>\n<li aria-level=\"1\">Cobertura baja en la espalda<\/li>\n<li aria-level=\"1\">Cierre de cremallera en la parte inferior.<\/li>\n<li aria-level=\"1\">Moldea y controla abdomen, caderas, piernas y gl\u00fateos.<\/li>\n<li aria-level=\"1\">Tiene un cord\u00f3n de silicona en cintura y piernas m\u00e1s 4 peque\u00f1as varillas que evita que se enrolle.<\/li>\n<li aria-level=\"1\">Efecto lifting de gl\u00fateos.<\/li>\n<li aria-level=\"1\">P\u00f3ngaselo por primera vez.<\/li>\n<li aria-level=\"1\">Guapa y segura de s\u00ed misma, todo el d\u00eda.<\/li>\n<li aria-level=\"1\">Moldea y estiliza la figura.<\/li>\n<\/ul>","protected":false},"excerpt":{"rendered":"<p>\u00a1Luce tu figura radiante de la forma m\u00e1s natural! Usando nuestro short media pierna de comprensi\u00f3n media con talle extra alto, cierre en la parte inferior que facilita el uso del ba\u00f1o, contorno siliconado que permite que la prenda se adhiera a la piel con facilidad.<\/p>","protected":false},"featured_media":228,"comment_status":"open","ping_status":"closed","template":"","meta":{"inline_featured_image":false},"product_cat":[18],"product_tag":[],"_links":{"self":[{"href":"https:\/\/goddess-shape.com\/es\/wp-json\/wp\/v2\/product\/286"}],"collection":[{"href":"https:\/\/goddess-shape.com\/es\/wp-json\/wp\/v2\/product"}],"about":[{"href":"https:\/\/goddess-shape.com\/es\/wp-json\/wp\/v2\/types\/product"}],"replies":[{"embeddable":true,"href":"https:\/\/goddess-shape.com\/es\/wp-json\/wp\/v2\/comments?post=286"}],"wp:featuredmedia":[{"embeddable":true,"href":"https:\/\/goddess-shape.com\/es\/wp-json\/wp\/v2\/media\/228"}],"wp:attachment":[{"href":"https:\/\/goddess-shape.com\/es\/wp-json\/wp\/v2\/media?parent=286"}],"wp:term":[{"taxonomy":"product_cat","embeddable":true,"href":"https:\/\/goddess-shape.com\/es\/wp-json\/wp\/v2\/product_cat?post=286"},{"taxonomy":"product_tag","embeddable":true,"href":"https:\/\/goddess-shape.com\/es\/wp-json\/wp\/v2\/product_tag?post=286"}],"curies":[{"name":"wp","href":"https:\/\/api.w.org\/{rel}","templated":true}]}}