{"id":295,"date":"2023-03-03T03:23:26","date_gmt":"2023-03-03T03:23:26","guid":{"rendered":"https:\/\/goddess-shape.com\/?post_type=product&#038;p=295"},"modified":"2025-06-01T22:18:04","modified_gmt":"2025-06-01T22:18:04","slug":"surgical-breast-augmentation-bra","status":"publish","type":"product","link":"https:\/\/goddess-shape.com\/es\/shop\/daily-use\/surgical-breast-augmentation-bra\/","title":{"rendered":"Surgical Breast Augmentation Bra"},"content":{"rendered":"<p>ser\u00e1s portadora del estilo, la compresi\u00f3n y el modelado de esta faja. Est\u00e1 elaborada con un material novedoso de extrema versatilidad como lo es el Powernet, el cual crear\u00e1 la compresi\u00f3n deseada y permitir\u00e1 que tu piel respire naturalmente a trav\u00e9s de la faja.<\/p>\n<p>Cuenta con las siguientes caracter\u00edsticas:<\/p>\n<ul>\n<li aria-level=\"1\">Compresi\u00f3n excepcional y encanto.<\/li>\n<li aria-level=\"1\">Cubierta internamente en su totalidad con tela hipo-alerg\u00e9nica.<\/li>\n<li aria-level=\"1\">Realce inmediato en gl\u00fateos.<\/li>\n<li aria-level=\"1\">Ganchos internos.<\/li>\n<li aria-level=\"1\">Busto libre.<\/li>\n<li aria-level=\"1\">Encaje siliconado que se adhiere a la piel.<\/li>\n<li aria-level=\"1\">Cubierta interior de algod\u00f3n.<\/li>\n<li aria-level=\"1\">Abertura en la entrepierna.<\/li>\n<li aria-level=\"1\">Cierre y costuras planas.<\/li>\n<\/ul>","protected":false},"excerpt":{"rendered":"<p>ser\u00e1s portadora del estilo, la compresi\u00f3n y el modelado de esta faja. Est\u00e1 elaborada con un material novedoso de extrema versatilidad como lo es el Powernet, el cual crear\u00e1 la compresi\u00f3n deseada y permitir\u00e1 que tu piel respire naturalmente a trav\u00e9s de la faja.<\/p>","protected":false},"featured_media":253,"comment_status":"open","ping_status":"closed","template":"","meta":{"inline_featured_image":false},"product_cat":[17],"product_tag":[],"_links":{"self":[{"href":"https:\/\/goddess-shape.com\/es\/wp-json\/wp\/v2\/product\/295"}],"collection":[{"href":"https:\/\/goddess-shape.com\/es\/wp-json\/wp\/v2\/product"}],"about":[{"href":"https:\/\/goddess-shape.com\/es\/wp-json\/wp\/v2\/types\/product"}],"replies":[{"embeddable":true,"href":"https:\/\/goddess-shape.com\/es\/wp-json\/wp\/v2\/comments?post=295"}],"wp:featuredmedia":[{"embeddable":true,"href":"https:\/\/goddess-shape.com\/es\/wp-json\/wp\/v2\/media\/253"}],"wp:attachment":[{"href":"https:\/\/goddess-shape.com\/es\/wp-json\/wp\/v2\/media?parent=295"}],"wp:term":[{"taxonomy":"product_cat","embeddable":true,"href":"https:\/\/goddess-shape.com\/es\/wp-json\/wp\/v2\/product_cat?post=295"},{"taxonomy":"product_tag","embeddable":true,"href":"https:\/\/goddess-shape.com\/es\/wp-json\/wp\/v2\/product_tag?post=295"}],"curies":[{"name":"wp","href":"https:\/\/api.w.org\/{rel}","templated":true}]}}