{"id":64,"date":"2023-01-19T22:46:16","date_gmt":"2023-01-19T22:46:16","guid":{"rendered":"https:\/\/goddess-shape.com\/?post_type=product&#038;p=64"},"modified":"2023-04-04T23:48:23","modified_gmt":"2023-04-04T23:48:23","slug":"full-bodysuit-body-shaper-with-bra","status":"publish","type":"product","link":"https:\/\/goddess-shape.com\/es\/shop\/daily-use\/full-bodysuit-body-shaper-with-bra\/","title":{"rendered":"Faja larga con brasier"},"content":{"rendered":"<p>\u00a1Recup\u00e9rate sinti\u00e9ndote segura y protegida con nuestras fajas! Nuestros productos, un dise\u00f1o que se adapta a tu cuerpo y te brinda soporte donde m\u00e1s lo necesitas, nuestras fajas te permiten moverte libremente y sin preocupaciones. Est\u00e1 hecha para controlar tu vientre, levantar tus gl\u00fateos y mantener tus curvas naturales. Su sujetador incorporado, la cintura alta, la longitud hasta la rodilla y los hombros sin pinzas te aportan comodidad y te proporcionan una silueta m\u00e1s esbelta.<\/p>\n<h3>Details<\/h3>\n<p><b>El material exterior es Powernet:<\/b> compuesto por un 85% de Nylon y un 15% de Elastano.<br \/>\n<b>El forro est\u00e1 hecho de nylon:<\/b> compuesto por un 88% de Nylon y un 12% de Elastano.<\/p>\n<h3><b>\u00bfQu\u00e9 lo hace especial?<\/b><\/h3>\n<ul>\n<li aria-level=\"1\">Compresi\u00f3n alta.<\/li>\n<li aria-level=\"1\">Hecho de Powernet.<\/li>\n<li aria-level=\"1\">Incluye sujetador.<\/li>\n<li aria-level=\"1\">Cobertura en axilas y espalda alta.<\/li>\n<li aria-level=\"1\">Tirantes anchos con corchetes.<\/li>\n<li aria-level=\"1\">Dos filas de cierre de corchetes.<\/li>\n<li aria-level=\"1\">Cremallera en la parte inferior.<\/li>\n<li aria-level=\"1\">Se centra en el control de las caderas, la cintura, los gl\u00fateos, el busto, las piernas y el vientre.<\/li>\n<li aria-level=\"1\">Efecto lifting natural de los gl\u00fateos.<\/li>\n<li aria-level=\"1\">Ideal para uso diario y postoperatorio.<\/li>\n<li aria-level=\"1\">Mejor sujeci\u00f3n de la espalda.<\/li>\n<li aria-level=\"1\">Improves the posture immediately.<\/li>\n<li aria-level=\"1\">Moldea y estiliza la figura.<\/li>\n<li aria-level=\"1\">Guapa y segura de s\u00ed misma, todo el d\u00eda.<\/li>\n<\/ul>","protected":false},"excerpt":{"rendered":"<p>Recup\u00e9rate sinti\u00e9ndote segura y protegida con nuestras fajas! Nuestros productos, un dise\u00f1o que se adapta a tu cuerpo y te brinda soporte donde m\u00e1s lo necesitas, nuestras fajas te permiten moverte libremente y sin preocupaciones.<\/p>","protected":false},"featured_media":234,"comment_status":"open","ping_status":"closed","template":"","meta":{"inline_featured_image":false},"product_cat":[17],"product_tag":[],"_links":{"self":[{"href":"https:\/\/goddess-shape.com\/es\/wp-json\/wp\/v2\/product\/64"}],"collection":[{"href":"https:\/\/goddess-shape.com\/es\/wp-json\/wp\/v2\/product"}],"about":[{"href":"https:\/\/goddess-shape.com\/es\/wp-json\/wp\/v2\/types\/product"}],"replies":[{"embeddable":true,"href":"https:\/\/goddess-shape.com\/es\/wp-json\/wp\/v2\/comments?post=64"}],"wp:featuredmedia":[{"embeddable":true,"href":"https:\/\/goddess-shape.com\/es\/wp-json\/wp\/v2\/media\/234"}],"wp:attachment":[{"href":"https:\/\/goddess-shape.com\/es\/wp-json\/wp\/v2\/media?parent=64"}],"wp:term":[{"taxonomy":"product_cat","embeddable":true,"href":"https:\/\/goddess-shape.com\/es\/wp-json\/wp\/v2\/product_cat?post=64"},{"taxonomy":"product_tag","embeddable":true,"href":"https:\/\/goddess-shape.com\/es\/wp-json\/wp\/v2\/product_tag?post=64"}],"curies":[{"name":"wp","href":"https:\/\/api.w.org\/{rel}","templated":true}]}}